{"id":6,"date":"2014-09-28T20:45:58","date_gmt":"2014-09-28T18:45:58","guid":{"rendered":"http:\/\/volby.rmzk.sk\/?page_id=6"},"modified":"2014-11-03T16:37:55","modified_gmt":"2014-11-03T14:37:55","slug":"volba-prezidenta","status":"publish","type":"page","link":"https:\/\/volby.rmzk.sk\/?page_id=6","title":{"rendered":"Vo\u013eba prezidenta"},"content":{"rendered":"<p>T\u00fdmto vo\u013eb\u00e1m sa budeme venova\u0165 v \u010dase, ke\u010f bud\u00fa vyhl\u00e1sen\u00e9, v ich aktu\u00e1lnom term\u00edne.<\/p>\n","protected":false},"excerpt":{"rendered":"<p>T\u00fdmto vo\u013eb\u00e1m sa budeme venova\u0165 v \u010dase, ke\u010f bud\u00fa vyhl\u00e1sen\u00e9, v ich aktu\u00e1lnom term\u00edne.<\/p>\n","protected":false},"author":1,"featured_media":0,"parent":0,"menu_order":0,"comment_status":"closed","ping_status":"closed","template":"","meta":{"footnotes":""},"class_list":["post-6","page","type-page","status-publish","hentry"],"_links":{"self":[{"href":"https:\/\/volby.rmzk.sk\/index.php?rest_route=\/wp\/v2\/pages\/6","targetHints":{"allow":["GET"]}}],"collection":[{"href":"https:\/\/volby.rmzk.sk\/index.php?rest_route=\/wp\/v2\/pages"}],"about":[{"href":"https:\/\/volby.rmzk.sk\/index.php?rest_route=\/wp\/v2\/types\/page"}],"author":[{"embeddable":true,"href":"https:\/\/volby.rmzk.sk\/index.php?rest_route=\/wp\/v2\/users\/1"}],"replies":[{"embeddable":true,"href":"https:\/\/volby.rmzk.sk\/index.php?rest_route=%2Fwp%2Fv2%2Fcomments&post=6"}],"version-history":[{"count":2,"href":"https:\/\/volby.rmzk.sk\/index.php?rest_route=\/wp\/v2\/pages\/6\/revisions"}],"predecessor-version":[{"id":168,"href":"https:\/\/volby.rmzk.sk\/index.php?rest_route=\/wp\/v2\/pages\/6\/revisions\/168"}],"wp:attachment":[{"href":"https:\/\/volby.rmzk.sk\/index.php?rest_route=%2Fwp%2Fv2%2Fmedia&parent=6"}],"curies":[{"name":"wp","href":"https:\/\/api.w.org\/{rel}","templated":true}]}}