{"id":125,"date":"2014-10-12T19:20:32","date_gmt":"2014-10-12T17:20:32","guid":{"rendered":"http:\/\/volby.rmzk.sk\/?page_id=125"},"modified":"2014-10-30T22:34:24","modified_gmt":"2014-10-30T20:34:24","slug":"o-projekte","status":"publish","type":"page","link":"https:\/\/volby.rmzk.sk\/?page_id=125","title":{"rendered":"O projekte"},"content":{"rendered":"<p>Rada ml\u00e1de\u017ee \u017dilinsk\u00e9ho kraja ( \u010falej len RM\u017dK) v r\u00e1mci svojho poslania motivova\u0165 mlad\u00fdch \u013eud\u00ed, aby sa zauj\u00edmali aj o veci verejn\u00e9, prich\u00e1dza s \u010fal\u0161ou ponukou, ktor\u00e1 by im mohla pribl\u00ed\u017ei\u0165 t\u00fdch kandid\u00e1tov, ktor\u00ed pl\u00e1nuj\u00fa riadi\u0165 \u017eivot obce, mesta, samospr\u00e1vneho kraja, Slovenska aj Eur\u00f3pskej \u00fanie.<\/p>\n<p>RM\u017dK pl\u00e1nuje pon\u00faknu\u0165 komplexnej\u0161ie inform\u00e1cie o mo\u017enostiach mlad\u00fdch \u013eud\u00ed zapoji\u0165 sa do volieb akt\u00edvne.<\/p>\n<p>RM\u017dK pl\u00e1nuje cez tento web pon\u00faknu\u0165 aj kandid\u00e1tom na starostov, prim\u00e1torov, poslancov&#8230;., aby mlad\u00fdm \u013eu\u010fom prezentovali svoje volebn\u00e9 programy a pl\u00e1ny. Chceme, aby v nich vypichli \u0161pecifick\u00e9 kroky, ktor\u00e9 chc\u00fa robi\u0165 pre skvalitnenie \u017eivota mlad\u00fdch \u013eud\u00ed obce, mesta, kraja&#8230;<\/p>\n","protected":false},"excerpt":{"rendered":"<p>Rada ml\u00e1de\u017ee \u017dilinsk\u00e9ho kraja ( \u010falej len RM\u017dK) v r\u00e1mci svojho poslania motivova\u0165 mlad\u00fdch \u013eud\u00ed, aby sa zauj\u00edmali aj o veci verejn\u00e9, prich\u00e1dza s \u010fal\u0161ou ponukou, ktor\u00e1 by im mohla pribl\u00ed\u017ei\u0165 t\u00fdch kandid\u00e1tov, ktor\u00ed pl\u00e1nuj\u00fa riadi\u0165 \u017eivot obce, mesta, samospr\u00e1vneho kraja, Slovenska aj Eur\u00f3pskej \u00fanie. RM\u017dK pl\u00e1nuje pon\u00faknu\u0165 komplexnej\u0161ie inform\u00e1cie o mo\u017enostiach mlad\u00fdch \u013eud\u00ed zapoji\u0165 sa do volieb akt\u00edvne. RM\u017dK<\/p>\n","protected":false},"author":1,"featured_media":0,"parent":0,"menu_order":0,"comment_status":"closed","ping_status":"open","template":"","meta":{"footnotes":""},"class_list":["post-125","page","type-page","status-publish","hentry"],"_links":{"self":[{"href":"https:\/\/volby.rmzk.sk\/index.php?rest_route=\/wp\/v2\/pages\/125","targetHints":{"allow":["GET"]}}],"collection":[{"href":"https:\/\/volby.rmzk.sk\/index.php?rest_route=\/wp\/v2\/pages"}],"about":[{"href":"https:\/\/volby.rmzk.sk\/index.php?rest_route=\/wp\/v2\/types\/page"}],"author":[{"embeddable":true,"href":"https:\/\/volby.rmzk.sk\/index.php?rest_route=\/wp\/v2\/users\/1"}],"replies":[{"embeddable":true,"href":"https:\/\/volby.rmzk.sk\/index.php?rest_route=%2Fwp%2Fv2%2Fcomments&post=125"}],"version-history":[{"count":5,"href":"https:\/\/volby.rmzk.sk\/index.php?rest_route=\/wp\/v2\/pages\/125\/revisions"}],"predecessor-version":[{"id":161,"href":"https:\/\/volby.rmzk.sk\/index.php?rest_route=\/wp\/v2\/pages\/125\/revisions\/161"}],"wp:attachment":[{"href":"https:\/\/volby.rmzk.sk\/index.php?rest_route=%2Fwp%2Fv2%2Fmedia&parent=125"}],"curies":[{"name":"wp","href":"https:\/\/api.w.org\/{rel}","templated":true}]}}